{"id":139,"date":"2024-03-19T10:23:40","date_gmt":"2024-03-19T09:23:40","guid":{"rendered":"https:\/\/hammarstrandsassistans.se\/?page_id=139"},"modified":"2024-03-19T10:25:05","modified_gmt":"2024-03-19T09:25:05","slug":"kontakt","status":"publish","type":"page","link":"https:\/\/hammarstrandsassistans.se\/index.php\/kontakt\/","title":{"rendered":"Kontakt"},"content":{"rendered":"<div class=\"wpb-content-wrapper\"><p>[vc_row unlock_row_content=&#8221;yes&#8221; row_height_percent=&#8221;0&#8243; override_padding=&#8221;yes&#8221; h_padding=&#8221;4&#8243; top_padding=&#8221;3&#8243; bottom_padding=&#8221;3&#8243; overlay_alpha=&#8221;50&#8243; gutter_size=&#8221;3&#8243; column_width_percent=&#8221;100&#8243; shift_y=&#8221;0&#8243; z_index=&#8221;0&#8243; uncode_shortcode_id=&#8221;817187&#8243; row_name=&#8221;kontakt&#8221; shape_dividers=&#8221;&#8221;][vc_column width=&#8221;1\/3&#8243;][vc_single_image media=&#8221;102&#8243; media_width_percent=&#8221;100&#8243; media_ratio=&#8221;three-four&#8221; uncode_shortcode_id=&#8221;607993&#8243;][vc_custom_heading heading_semantic=&#8221;h4&#8243; text_size=&#8221;h4&#8243; text_weight=&#8221;800&#8243; uncode_shortcode_id=&#8221;191696&#8243;]Kim Anneflod[\/vc_custom_heading][vc_column_text uncode_shortcode_id=&#8221;172258&#8243; css=&#8221;.vc_custom_1710424318166{margin-top: 10px !important;}&#8221;]<strong>VD\/ Personalansvarig<\/strong><\/p>\n<p>Kim \u00e4r utbildad civilekonom samt gymnasiel\u00e4rare och har i rollen som VD det \u00f6vergripande ansvaret f\u00f6r den l\u00f6pande f\u00f6rvaltningen av bolaget. All rekrytering och personal \u00e4r ocks\u00e5 Kims arbetsomr\u00e5de.<\/p>\n<p>Telefon:\u00a00705-78 34 37<br \/>\nMail: <a href=\"mailto:kim@hammarstrands.se\">kim@hammarstrands.se<\/a>[\/vc_column_text][\/vc_column][vc_column width=&#8221;1\/3&#8243;][vc_single_image media=&#8221;100&#8243; media_width_percent=&#8221;100&#8243; media_ratio=&#8221;three-four&#8221; uncode_shortcode_id=&#8221;744231&#8243;][vc_custom_heading heading_semantic=&#8221;h4&#8243; text_size=&#8221;h4&#8243; text_weight=&#8221;800&#8243; uncode_shortcode_id=&#8221;154991&#8243;]Camilla Anneflod[\/vc_custom_heading][vc_column_text uncode_shortcode_id=&#8221;945273&#8243; css=&#8221;.vc_custom_1710424354686{margin-top: 10px !important;}&#8221;]<strong>Verksamhetschef<\/strong><\/p>\n<p>Camilla har en grundskoll\u00e4rarexamen samt en magisterexamen i f\u00f6retagsekonomi med inriktning mot ledarskap. Camilla har \u00e4ven utbildning inom Socialr\u00e4tt och specialpedagogik. Som verksamhetschef har Camilla ansvar f\u00f6r att v\u00e5r verksamhet f\u00f6ljer g\u00e4llande riktlinjer och lagstiftning. Ans\u00f6kan och ut\u00f6kning av assistansers\u00e4ttning \u00e4r ett annat ansvarsomr\u00e5de.<\/p>\n<p>Telefon:\u00a00705-79 68 85<br \/>\nMail: <a href=\"mailto:camilla@hammarstrands.se\">camilla@hammarstrands.se<\/a>[\/vc_column_text][\/vc_column][vc_column width=&#8221;1\/3&#8243;][vc_single_image media=&#8221;103&#8243; media_width_percent=&#8221;100&#8243; media_ratio=&#8221;three-four&#8221; uncode_shortcode_id=&#8221;744941&#8243;][vc_custom_heading heading_semantic=&#8221;h4&#8243; text_size=&#8221;h4&#8243; text_weight=&#8221;800&#8243; uncode_shortcode_id=&#8221;121535&#8243;]Louise &#8221;Lollo&#8221; Hammarstrand[\/vc_custom_heading][vc_column_text uncode_shortcode_id=&#8221;149949&#8243; css=&#8221;.vc_custom_1710424239040{margin-top: 10px !important;}&#8221;]<strong>Ekonomi<\/strong><\/p>\n<p>Lollo har en bakgrund inom administration och \u00e4r \u00e4ven utbildad personlig tr\u00e4nare. I Hammarstrands arbetar Lollo med l\u00f6nehantering och annan administration. Lollo har koll p\u00e5 semesterdagar, tj\u00e4nstg\u00f6ringsintyg, tar emot eventuella kvitton och har kontakt med f\u00f6rs\u00e4kringskassa och andra akt\u00f6rer b\u00e5de kring v\u00e5ra assistansber\u00e4ttigade och v\u00e5ra medarbetare.<\/p>\n<p>Telefon: 0735-20 72 05<br \/>\nMail:\u00a0<a href=\"mailto:lollo@hammarstrands.se\">lollo@hammarstrands.se<\/a>[\/vc_column_text][\/vc_column][\/vc_row]<\/p>\n<\/div>","protected":false},"excerpt":{"rendered":"<p>[vc_row unlock_row_content=&#8221;yes&#8221; row_height_percent=&#8221;0&#8243; override_padding=&#8221;yes&#8221; h_padding=&#8221;4&#8243; top_padding=&#8221;3&#8243; bottom_padding=&#8221;3&#8243; overlay_alpha=&#8221;50&#8243; gutter_size=&#8221;3&#8243; column_width_percent=&#8221;100&#8243; shift_y=&#8221;0&#8243; z_index=&#8221;0&#8243; uncode_shortcode_id=&#8221;817187&#8243; row_name=&#8221;kontakt&#8221; shape_dividers=&#8221;&#8221;][vc_column width=&#8221;1\/3&#8243;][vc_single_image media=&#8221;102&#8243; media_width_percent=&#8221;100&#8243; media_ratio=&#8221;three-four&#8221; uncode_shortcode_id=&#8221;607993&#8243;][vc_custom_heading [&hellip;]<\/p>\n","protected":false},"author":1,"featured_media":0,"parent":0,"menu_order":0,"comment_status":"closed","ping_status":"closed","template":"","meta":{"footnotes":""},"class_list":["post-139","page","type-page","status-publish","hentry"],"_links":{"self":[{"href":"https:\/\/hammarstrandsassistans.se\/index.php\/wp-json\/wp\/v2\/pages\/139","targetHints":{"allow":["GET"]}}],"collection":[{"href":"https:\/\/hammarstrandsassistans.se\/index.php\/wp-json\/wp\/v2\/pages"}],"about":[{"href":"https:\/\/hammarstrandsassistans.se\/index.php\/wp-json\/wp\/v2\/types\/page"}],"author":[{"embeddable":true,"href":"https:\/\/hammarstrandsassistans.se\/index.php\/wp-json\/wp\/v2\/users\/1"}],"replies":[{"embeddable":true,"href":"https:\/\/hammarstrandsassistans.se\/index.php\/wp-json\/wp\/v2\/comments?post=139"}],"version-history":[{"count":2,"href":"https:\/\/hammarstrandsassistans.se\/index.php\/wp-json\/wp\/v2\/pages\/139\/revisions"}],"predecessor-version":[{"id":141,"href":"https:\/\/hammarstrandsassistans.se\/index.php\/wp-json\/wp\/v2\/pages\/139\/revisions\/141"}],"wp:attachment":[{"href":"https:\/\/hammarstrandsassistans.se\/index.php\/wp-json\/wp\/v2\/media?parent=139"}],"curies":[{"name":"wp","href":"https:\/\/api.w.org\/{rel}","templated":true}]}}