{"id":25,"date":"2023-06-28T08:42:50","date_gmt":"2023-06-28T08:42:50","guid":{"rendered":"https:\/\/hammarstrandsassistans.se\/?page_id=25"},"modified":"2024-03-19T10:25:12","modified_gmt":"2024-03-19T09:25:12","slug":"startsida","status":"publish","type":"page","link":"https:\/\/hammarstrandsassistans.se\/","title":{"rendered":"Startsida"},"content":{"rendered":"<div class=\"wpb-content-wrapper\"><p>[vc_row unlock_row_content=&#8221;yes&#8221; row_height_percent=&#8221;0&#8243; override_padding=&#8221;yes&#8221; h_padding=&#8221;0&#8243; top_padding=&#8221;2&#8243; bottom_padding=&#8221;7&#8243; overlay_alpha=&#8221;50&#8243; equal_height=&#8221;yes&#8221; gutter_size=&#8221;3&#8243; column_width_percent=&#8221;100&#8243; shift_y=&#8221;0&#8243; z_index=&#8221;0&#8243; uncode_shortcode_id=&#8221;113529&#8243; back_color_type=&#8221;uncode-solid&#8221; back_color_solid=&#8221;#000826&#8243;][vc_column column_width_percent=&#8221;100&#8243; position_vertical=&#8221;middle&#8221; gutter_size=&#8221;3&#8243; override_padding=&#8221;yes&#8221; column_padding=&#8221;4&#8243; overlay_alpha=&#8221;50&#8243; shift_x=&#8221;0&#8243; shift_y=&#8221;0&#8243; shift_y_down=&#8221;0&#8243; z_index=&#8221;0&#8243; medium_width=&#8221;0&#8243; mobile_width=&#8221;0&#8243; css_animation=&#8221;left-t-right&#8221; width=&#8221;1\/2&#8243; uncode_shortcode_id=&#8221;324231&#8243;][vc_custom_heading text_color=&#8221;color-xsdn&#8221; heading_semantic=&#8221;h3&#8243; text_size=&#8221;h4&#8243; uncode_shortcode_id=&#8221;363746&#8243; text_color_type=&#8221;uncode-palette&#8221;]Hammarstrands Assistans AB[\/vc_custom_heading][vc_custom_heading text_color=&#8221;color-xsdn&#8221; heading_semantic=&#8221;h1&#8243; text_size=&#8221;h1&#8243; text_weight=&#8221;800&#8243; uncode_shortcode_id=&#8221;856633&#8243; text_color_type=&#8221;uncode-palette&#8221;]Engagemang, kvalitet och delaktighet.[\/vc_custom_heading][vc_column_text text_color=&#8221;color-xsdn&#8221; uncode_shortcode_id=&#8221;717685&#8243; text_color_type=&#8221;uncode-palette&#8221; css=&#8221;.vc_custom_1710425539336{margin-top: 10px !important;}&#8221;]Hammarstrands Assistans arbetar f\u00f6r att du med personlig assistans ska ha en vardag som passar dig, att du som anh\u00f6rig ska k\u00e4nna trygghet och att v\u00e5ra medarbetare ska k\u00e4nna gl\u00e4dje och delaktighet. Jan Hammarstrand och Kim Anneflod startade v\u00e5r verksamhet \u00e5r 2009 och v\u00e5rt fokus har sedan dess varit att utvecklas f\u00f6r att p\u00e5 b\u00e4sta s\u00e4tt m\u00f6ta v\u00e5ra kunder och medarbetare. Vi f\u00f6rst\u00e5r utmaningarna med att beh\u00f6va hj\u00e4lp i vardagen eller att vara anh\u00f6rig till n\u00e5gon i behov av st\u00f6d. Vi utg\u00e5r fr\u00e5n individens behov och str\u00e4var alltid efter att g\u00f6ra skillnad.<\/p>\n<p>V\u00e4lkomna in och l\u00e4s mer om oss!<br \/>\nKim Anneflod, Camilla Anneflod och Louise \u201dLollo\u201d Hammarstrand.[\/vc_column_text][vc_button button_color=&#8221;color-210407&#8243; border_width=&#8221;0&#8243; link=&#8221;url:%23kontakt&#8221; button_color_type=&#8221;uncode-palette&#8221; uncode_shortcode_id=&#8221;257662&#8243;]Kontakta oss[\/vc_button][\/vc_column][vc_column column_width_percent=&#8221;100&#8243; gutter_size=&#8221;3&#8243; overlay_alpha=&#8221;50&#8243; shift_x=&#8221;0&#8243; shift_y=&#8221;0&#8243; shift_y_down=&#8221;0&#8243; z_index=&#8221;0&#8243; medium_width=&#8221;0&#8243; mobile_width=&#8221;0&#8243; css_animation=&#8221;right-t-left&#8221; width=&#8221;1\/2&#8243; uncode_shortcode_id=&#8221;488770&#8243;][vc_single_image media=&#8221;101&#8243; media_width_percent=&#8221;100&#8243; media_ratio=&#8221;one-one&#8221; uncode_shortcode_id=&#8221;136411&#8243;][\/vc_column][\/vc_row][vc_row unlock_row_content=&#8221;yes&#8221; row_height_percent=&#8221;0&#8243; override_padding=&#8221;yes&#8221; h_padding=&#8221;0&#8243; top_padding=&#8221;7&#8243; bottom_padding=&#8221;7&#8243; back_color=&#8221;color-xsdn&#8221; overlay_alpha=&#8221;50&#8243; equal_height=&#8221;yes&#8221; gutter_size=&#8221;3&#8243; column_width_percent=&#8221;100&#8243; shift_y=&#8221;0&#8243; z_index=&#8221;0&#8243; inverted_device_order=&#8221;yes&#8221; uncode_shortcode_id=&#8221;535950&#8243; back_color_type=&#8221;uncode-palette&#8221;][vc_column column_width_percent=&#8221;100&#8243; gutter_size=&#8221;3&#8243; overlay_alpha=&#8221;50&#8243; shift_x=&#8221;0&#8243; shift_y=&#8221;0&#8243; shift_y_down=&#8221;0&#8243; z_index=&#8221;0&#8243; medium_width=&#8221;0&#8243; mobile_width=&#8221;0&#8243; css_animation=&#8221;left-t-right&#8221; width=&#8221;1\/2&#8243; uncode_shortcode_id=&#8221;101547&#8243;][vc_single_image media=&#8221;118&#8243; media_width_percent=&#8221;100&#8243; media_ratio=&#8221;four-three&#8221; uncode_shortcode_id=&#8221;209050&#8243;][\/vc_column][vc_column column_width_percent=&#8221;100&#8243; gutter_size=&#8221;3&#8243; override_padding=&#8221;yes&#8221; column_padding=&#8221;4&#8243; overlay_alpha=&#8221;50&#8243; shift_x=&#8221;0&#8243; shift_y=&#8221;0&#8243; shift_y_down=&#8221;0&#8243; z_index=&#8221;0&#8243; medium_width=&#8221;0&#8243; mobile_width=&#8221;0&#8243; css_animation=&#8221;right-t-left&#8221; width=&#8221;1\/2&#8243; uncode_shortcode_id=&#8221;250755&#8243;][vc_custom_heading text_color=&#8221;accent&#8221; heading_semantic=&#8221;h6&#8243; text_size=&#8221;h6&#8243; text_transform=&#8221;uppercase&#8221; uncode_shortcode_id=&#8221;180553&#8243; text_color_type=&#8221;uncode-palette&#8221;]V\u00e5r verksamhet[\/vc_custom_heading][vc_custom_heading text_size=&#8221;h1&#8243; text_weight=&#8221;800&#8243; uncode_shortcode_id=&#8221;204976&#8243;]Vi vet vad brukaren har r\u00e4tt till, och kan hela processen.[\/vc_custom_heading][vc_column_text uncode_shortcode_id=&#8221;192105&#8243; css=&#8221;.vc_custom_1687948535888{margin-top: 10px !important;}&#8221;]Ett genuint intresse av personlig assistans och bred kompetens inom organisation och samordning \u00e4r grunden i v\u00e5r verksamhet. Inom bolaget finns \u00e4ven tillg\u00e5ng till juridisk kompetens. Till skillnad fr\u00e5n de riktigt stora assistansbolagen har vi m\u00f6jlighet att vara flexibla och anpassa oss efter kundens behov. Hos oss sk\u00f6ts allting internt och vi till\u00e4mpar alltid korta v\u00e4gar till beslut \u2013 allt fr\u00e5n service och kontakter till rekrytering och administration. Det g\u00f6r oss snabba och effektiva.[\/vc_column_text][vc_button button_color=&#8221;accent&#8221; border_width=&#8221;0&#8243; link=&#8221;url:%23|||&#8221; button_color_type=&#8221;uncode-palette&#8221; uncode_shortcode_id=&#8221;140922&#8243;]L\u00e4s mer om v\u00e5r verksamhet[\/vc_button][\/vc_column][\/vc_row][vc_row unlock_row_content=&#8221;yes&#8221; row_height_percent=&#8221;0&#8243; override_padding=&#8221;yes&#8221; h_padding=&#8221;0&#8243; top_padding=&#8221;7&#8243; bottom_padding=&#8221;7&#8243; overlay_color=&#8221;color-210407&#8243; overlay_alpha=&#8221;15&#8243; equal_height=&#8221;yes&#8221; gutter_size=&#8221;3&#8243; column_width_percent=&#8221;100&#8243; shift_y=&#8221;0&#8243; z_index=&#8221;0&#8243; uncode_shortcode_id=&#8221;186006&#8243; overlay_color_type=&#8221;uncode-palette&#8221;][vc_column column_width_percent=&#8221;100&#8243; gutter_size=&#8221;3&#8243; override_padding=&#8221;yes&#8221; column_padding=&#8221;4&#8243; overlay_alpha=&#8221;50&#8243; shift_x=&#8221;0&#8243; shift_y=&#8221;0&#8243; shift_y_down=&#8221;0&#8243; z_index=&#8221;0&#8243; medium_width=&#8221;0&#8243; mobile_width=&#8221;0&#8243; css_animation=&#8221;left-t-right&#8221; width=&#8221;1\/2&#8243; uncode_shortcode_id=&#8221;559109&#8243;][vc_custom_heading heading_semantic=&#8221;h3&#8243; text_size=&#8221;h4&#8243; uncode_shortcode_id=&#8221;137330&#8243; text_color_type=&#8221;uncode-solid&#8221; text_color_solid=&#8221;#00154f&#8221;]Arbeta hos oss[\/vc_custom_heading][vc_custom_heading heading_semantic=&#8221;h1&#8243; text_size=&#8221;h1&#8243; text_weight=&#8221;800&#8243; uncode_shortcode_id=&#8221;207371&#8243; text_color_type=&#8221;uncode-solid&#8221; text_color_solid=&#8221;#00154f&#8221;]Vi bygger Hammarstrand Assistans p\u00e5 trygghet.[\/vc_custom_heading][vc_column_text uncode_shortcode_id=&#8221;910096&#8243; text_color_type=&#8221;uncode-solid&#8221; css=&#8221;.vc_custom_1687950262544{margin-top: 10px !important;}&#8221; text_color_solid=&#8221;#00154f&#8221;]V\u00e5ra medarbetare \u00e4r v\u00e5r viktigaste tillg\u00e5ng och vi utg\u00e5r fr\u00e5n att uppskattade medarbetare utf\u00f6r ett extra bra arbete hos v\u00e5ra kunder. D\u00e4rf\u00f6r \u00e4r det sj\u00e4lvklart f\u00f6r oss att erbjuda v\u00e5ra anst\u00e4llda bra villkor, b\u00e5de n\u00e4r det g\u00e4ller avtalsenlig l\u00f6n och f\u00f6rm\u00e5ner.[\/vc_column_text][vc_button button_color=&#8221;color-210407&#8243; border_width=&#8221;0&#8243; link=&#8221;url:%23|||&#8221; button_color_type=&#8221;uncode-palette&#8221; uncode_shortcode_id=&#8221;197656&#8243;]L\u00e4s mer om att arbeta hos oss[\/vc_button][\/vc_column][vc_column column_width_percent=&#8221;100&#8243; gutter_size=&#8221;3&#8243; overlay_alpha=&#8221;50&#8243; shift_x=&#8221;0&#8243; shift_y=&#8221;0&#8243; shift_y_down=&#8221;0&#8243; z_index=&#8221;0&#8243; medium_width=&#8221;0&#8243; mobile_width=&#8221;0&#8243; css_animation=&#8221;right-t-left&#8221; width=&#8221;1\/2&#8243; uncode_shortcode_id=&#8221;356588&#8243;][vc_single_image media=&#8221;111&#8243; media_width_percent=&#8221;100&#8243; media_ratio=&#8221;four-three&#8221; uncode_shortcode_id=&#8221;192455&#8243;][\/vc_column][\/vc_row]<\/p>\n<\/div>","protected":false},"excerpt":{"rendered":"<p>[vc_row unlock_row_content=&#8221;yes&#8221; row_height_percent=&#8221;0&#8243; override_padding=&#8221;yes&#8221; h_padding=&#8221;0&#8243; top_padding=&#8221;2&#8243; bottom_padding=&#8221;7&#8243; overlay_alpha=&#8221;50&#8243; equal_height=&#8221;yes&#8221; gutter_size=&#8221;3&#8243; column_width_percent=&#8221;100&#8243; shift_y=&#8221;0&#8243; z_index=&#8221;0&#8243; uncode_shortcode_id=&#8221;113529&#8243; back_color_type=&#8221;uncode-solid&#8221; back_color_solid=&#8221;#000826&#8243;][vc_column column_width_percent=&#8221;100&#8243; position_vertical=&#8221;middle&#8221; gutter_size=&#8221;3&#8243; override_padding=&#8221;yes&#8221; [&hellip;]<\/p>\n","protected":false},"author":1,"featured_media":0,"parent":0,"menu_order":0,"comment_status":"closed","ping_status":"closed","template":"","meta":{"footnotes":""},"class_list":["post-25","page","type-page","status-publish","hentry"],"_links":{"self":[{"href":"https:\/\/hammarstrandsassistans.se\/index.php\/wp-json\/wp\/v2\/pages\/25","targetHints":{"allow":["GET"]}}],"collection":[{"href":"https:\/\/hammarstrandsassistans.se\/index.php\/wp-json\/wp\/v2\/pages"}],"about":[{"href":"https:\/\/hammarstrandsassistans.se\/index.php\/wp-json\/wp\/v2\/types\/page"}],"author":[{"embeddable":true,"href":"https:\/\/hammarstrandsassistans.se\/index.php\/wp-json\/wp\/v2\/users\/1"}],"replies":[{"embeddable":true,"href":"https:\/\/hammarstrandsassistans.se\/index.php\/wp-json\/wp\/v2\/comments?post=25"}],"version-history":[{"count":63,"href":"https:\/\/hammarstrandsassistans.se\/index.php\/wp-json\/wp\/v2\/pages\/25\/revisions"}],"predecessor-version":[{"id":142,"href":"https:\/\/hammarstrandsassistans.se\/index.php\/wp-json\/wp\/v2\/pages\/25\/revisions\/142"}],"wp:attachment":[{"href":"https:\/\/hammarstrandsassistans.se\/index.php\/wp-json\/wp\/v2\/media?parent=25"}],"curies":[{"name":"wp","href":"https:\/\/api.w.org\/{rel}","templated":true}]}}