{"id":65,"date":"2023-06-28T12:31:59","date_gmt":"2023-06-28T11:31:59","guid":{"rendered":"https:\/\/hammarstrandsassistans.se\/?page_id=65"},"modified":"2024-03-14T11:38:48","modified_gmt":"2024-03-14T10:38:48","slug":"var-verksamhet","status":"publish","type":"page","link":"https:\/\/hammarstrandsassistans.se\/index.php\/var-verksamhet\/","title":{"rendered":"V\u00e5r verksamhet"},"content":{"rendered":"<div class=\"wpb-content-wrapper\"><p>[vc_row unlock_row_content=&#8221;yes&#8221; row_height_percent=&#8221;0&#8243; override_padding=&#8221;yes&#8221; h_padding=&#8221;0&#8243; top_padding=&#8221;3&#8243; bottom_padding=&#8221;4&#8243; back_color=&#8221;color-xsdn&#8221; overlay_alpha=&#8221;50&#8243; equal_height=&#8221;yes&#8221; gutter_size=&#8221;3&#8243; column_width_percent=&#8221;100&#8243; shift_y=&#8221;0&#8243; z_index=&#8221;0&#8243; inverted_device_order=&#8221;yes&#8221; uncode_shortcode_id=&#8221;196361&#8243; back_color_type=&#8221;uncode-palette&#8221;][vc_column width=&#8221;1\/2&#8243;][vc_single_image media=&#8221;118&#8243; media_width_percent=&#8221;100&#8243; media_ratio=&#8221;four-five&#8221; uncode_shortcode_id=&#8221;611696&#8243;][\/vc_column][vc_column column_width_percent=&#8221;100&#8243; gutter_size=&#8221;3&#8243; override_padding=&#8221;yes&#8221; column_padding=&#8221;4&#8243; overlay_alpha=&#8221;50&#8243; shift_x=&#8221;0&#8243; shift_y=&#8221;0&#8243; shift_y_down=&#8221;0&#8243; z_index=&#8221;0&#8243; medium_width=&#8221;0&#8243; mobile_width=&#8221;0&#8243; width=&#8221;1\/2&#8243; uncode_shortcode_id=&#8221;213232&#8243;][vc_custom_heading text_color=&#8221;accent&#8221; heading_semantic=&#8221;h6&#8243; text_size=&#8221;h6&#8243; text_transform=&#8221;uppercase&#8221; uncode_shortcode_id=&#8221;180553&#8243; text_color_type=&#8221;uncode-palette&#8221;]V\u00e5r verksamhet[\/vc_custom_heading][vc_custom_heading text_size=&#8221;h1&#8243; text_weight=&#8221;800&#8243; uncode_shortcode_id=&#8221;108685&#8243;]Vi vet vad assistansber\u00e4ttigade har r\u00e4tt till, och vi kan hela processen.[\/vc_custom_heading][vc_column_text uncode_shortcode_id=&#8221;195540&#8243; css=&#8221;.vc_custom_1710410715570{margin-top: 10px !important;}&#8221;]Ett genuint intresse f\u00f6r LSS\/ personlig assistans och en bred kompetens inom ekonomi, organisation och samordning \u00e4r grunden i v\u00e5r verksamhet. Inom bolaget finns \u00e4ven tillg\u00e5ng till juridisk kompetens. Till skillnad fr\u00e5n de riktigt stora assistansbolagen har vi tid och m\u00f6jlighet att vara flexibla och anpassa oss efter den assistansber\u00e4ttigade och v\u00e5ra medarbetares behov. Hos oss sk\u00f6ts allting internt med korta v\u00e4gar till beslut \u2013 fr\u00e5n r\u00e5dgivning och kontakt till rekrytering och administration. Det g\u00f6r oss snabba och effektiva.<\/p>\n<p>V\u00e5rt kontor finns p\u00e5 Kungsgatan 4C i Motala. H\u00e4r har vi, Kim, Lollo och Camilla, v\u00e5ra arbetsplatser och \u00e4ven\u00a0 verksamhet f\u00f6r v\u00e5ra kunder och medarbetare. Vi erbjuder t ex f\u00f6rel\u00e4sningar, utbildningar samt gemensam matlagning och samvaro. H\u00e4r ska man alltid k\u00e4nna sig v\u00e4lkommen f\u00f6r en pratstund eller fika!<\/p>\n<p>Hammarstrands Assistans sk\u00f6ter all administration inom v\u00e5r verksamhet och hanterar kontakt med f\u00f6rs\u00e4kringskassa, kommun samt andra akt\u00f6rer.<\/p>\n<p>Vi har tillst\u00e5nd fr\u00e5n IVO att bedriva personliga assistans sedan 13 mars 2012. I november 2013 gjorde IVO en inspektion med fullt godk\u00e4nt resultat d\u00e4r IVO lyfte fram v\u00e5rt n\u00e4ra samarbete och engagemang f\u00f6r v\u00e5ra kunder och medarbetare. I december 2014 fick vi R-licens som ett av sju bolag i Sverige inom personlig assistans. Vilket vi \u00e4r mycket stolta \u00f6ver d\u00e5 en R-licens \u00e4r en unik kvalitetsst\u00e4mpel som tilldelas f\u00f6retag som \u00e4r k\u00e4nda f\u00f6r god aff\u00e4rsetik. Licensen fick vi efter en noggrann pr\u00f6vning utifr\u00e5n ekonomi, \u00e4garstruktur och rykte. I oktober 2022 hade vi en inspektion fr\u00e5n Arbetsmilj\u00f6verket d\u00e4r vi fick positiv feedback p\u00e5 v\u00e5rt n\u00e4ra samarbete med v\u00e5ra medarbetare.<\/p>\n<p>Sedan 2 juli 2018 \u00e4r Camilla Anneflod verksamhetschef med IVO:s tillst\u00e5nd att bedriva personlig assistans.[\/vc_column_text][\/vc_column][\/vc_row]<\/p>\n<\/div>","protected":false},"excerpt":{"rendered":"<p>[vc_row unlock_row_content=&#8221;yes&#8221; row_height_percent=&#8221;0&#8243; override_padding=&#8221;yes&#8221; h_padding=&#8221;0&#8243; top_padding=&#8221;3&#8243; bottom_padding=&#8221;4&#8243; back_color=&#8221;color-xsdn&#8221; overlay_alpha=&#8221;50&#8243; equal_height=&#8221;yes&#8221; gutter_size=&#8221;3&#8243; column_width_percent=&#8221;100&#8243; shift_y=&#8221;0&#8243; z_index=&#8221;0&#8243; inverted_device_order=&#8221;yes&#8221; uncode_shortcode_id=&#8221;196361&#8243; back_color_type=&#8221;uncode-palette&#8221;][vc_column width=&#8221;1\/2&#8243;][vc_single_image media=&#8221;118&#8243; media_width_percent=&#8221;100&#8243; [&hellip;]<\/p>\n","protected":false},"author":1,"featured_media":0,"parent":0,"menu_order":0,"comment_status":"closed","ping_status":"closed","template":"","meta":{"footnotes":""},"class_list":["post-65","page","type-page","status-publish","hentry"],"_links":{"self":[{"href":"https:\/\/hammarstrandsassistans.se\/index.php\/wp-json\/wp\/v2\/pages\/65","targetHints":{"allow":["GET"]}}],"collection":[{"href":"https:\/\/hammarstrandsassistans.se\/index.php\/wp-json\/wp\/v2\/pages"}],"about":[{"href":"https:\/\/hammarstrandsassistans.se\/index.php\/wp-json\/wp\/v2\/types\/page"}],"author":[{"embeddable":true,"href":"https:\/\/hammarstrandsassistans.se\/index.php\/wp-json\/wp\/v2\/users\/1"}],"replies":[{"embeddable":true,"href":"https:\/\/hammarstrandsassistans.se\/index.php\/wp-json\/wp\/v2\/comments?post=65"}],"version-history":[{"count":8,"href":"https:\/\/hammarstrandsassistans.se\/index.php\/wp-json\/wp\/v2\/pages\/65\/revisions"}],"predecessor-version":[{"id":119,"href":"https:\/\/hammarstrandsassistans.se\/index.php\/wp-json\/wp\/v2\/pages\/65\/revisions\/119"}],"wp:attachment":[{"href":"https:\/\/hammarstrandsassistans.se\/index.php\/wp-json\/wp\/v2\/media?parent=65"}],"curies":[{"name":"wp","href":"https:\/\/api.w.org\/{rel}","templated":true}]}}